{"id":531,"date":"2020-09-16T08:21:08","date_gmt":"2020-09-16T08:21:08","guid":{"rendered":"https:\/\/riedmuehli.ch\/?page_id=531"},"modified":"2026-03-19T06:47:40","modified_gmt":"2026-03-19T06:47:40","slug":"home","status":"publish","type":"page","link":"https:\/\/riedmuehli.ch\/","title":{"rendered":"Home"},"content":{"rendered":"\n<div class=\"wp-block-uagb-container uagb-block-3becd4f9 alignfull uagb-is-root-container\"><div class=\"uagb-container-inner-blocks-wrap\">\n<div class=\"wp-block-uagb-container uagb-block-fdbbeeb8\">\n<div style=\"height:78px\" aria-hidden=\"true\" class=\"wp-block-spacer\"><\/div>\n\n\n\n<div style=\"height:165px\" aria-hidden=\"true\" class=\"wp-block-spacer\"><\/div>\n\n\n\n<h1 class=\"wp-block-heading has-text-align-center\"><mark style=\"background-color:rgba(0, 0, 0, 0)\" class=\"has-inline-color has-ast-global-color-4-color\">Lokale K\u00fcche <\/mark><br><mark style=\"background-color:rgba(0, 0, 0, 0)\" class=\"has-inline-color has-ast-global-color-4-color\">mit<\/mark> <mark style=\"background-color:rgba(0, 0, 0, 0)\" class=\"has-inline-color has-ast-global-color-4-color\">Charme<\/mark><\/h1>\n\n\n\n<div style=\"height:115px\" aria-hidden=\"true\" class=\"wp-block-spacer\"><\/div>\n\n\n\n<div class=\"wp-block-buttons is-content-justification-center is-layout-flex wp-container-core-buttons-is-layout-766bf85b wp-block-buttons-is-layout-flex\">\n<div class=\"wp-block-button\"><a class=\"wp-block-button__link wp-element-button\" href=\"https:\/\/riedmuehli.ch\/?page_id=1669\" style=\"border-radius:9px\">Speis und Trank<\/a><\/div>\n\n\n\n<div class=\"wp-block-button\"><a class=\"wp-block-button__link wp-element-button\" href=\"https:\/\/riedmuehli.ch\/?page_id=1707\" style=\"border-radius:9px\">Reservation<\/a><\/div>\n<\/div>\n<\/div>\n<\/div><\/div>\n\n\n\n<figure class=\"wp-block-image aligncenter is-resized\"><img loading=\"lazy\" decoding=\"async\" width=\"366\" height=\"283\" src=\"https:\/\/riedmuehli.ch\/wp-content\/uploads\/2023\/01\/Riedmuehle-Logo1-weiss-1-e1673242748563.png\" alt=\"\" class=\"wp-image-1601\" style=\"width:250px\" srcset=\"https:\/\/riedmuehli.ch\/wp-content\/uploads\/2023\/01\/Riedmuehle-Logo1-weiss-1-e1673242748563.png 366w, https:\/\/riedmuehli.ch\/wp-content\/uploads\/2023\/01\/Riedmuehle-Logo1-weiss-1-e1673242748563-300x232.png 300w\" sizes=\"auto, (max-width: 366px) 100vw, 366px\" \/><\/figure>\n\n\n\n<h3 class=\"wp-block-heading has-text-align-center\"><strong><mark style=\"background-color:rgba(0, 0, 0, 0);color:#fcb900\" class=\"has-inline-color\">Ab dem 19.3.2026 haben wir B\u00e4rlauch-Zeit<\/mark><\/strong><\/h3>\n\n\n\n<figure class=\"wp-block-image aligncenter size-full is-resized\"><img loading=\"lazy\" decoding=\"async\" width=\"2016\" height=\"1134\" src=\"https:\/\/riedmuehli.ch\/wp-content\/uploads\/2024\/03\/Baerlauch02.jpg\" alt=\"\" class=\"wp-image-2240\" style=\"aspect-ratio:1.7797292352725942;width:608px;height:auto\" srcset=\"https:\/\/riedmuehli.ch\/wp-content\/uploads\/2024\/03\/Baerlauch02.jpg 2016w, https:\/\/riedmuehli.ch\/wp-content\/uploads\/2024\/03\/Baerlauch02-300x169.jpg 300w, https:\/\/riedmuehli.ch\/wp-content\/uploads\/2024\/03\/Baerlauch02-1024x576.jpg 1024w, https:\/\/riedmuehli.ch\/wp-content\/uploads\/2024\/03\/Baerlauch02-768x432.jpg 768w, https:\/\/riedmuehli.ch\/wp-content\/uploads\/2024\/03\/Baerlauch02-1536x864.jpg 1536w\" sizes=\"auto, (max-width: 2016px) 100vw, 2016px\" \/><\/figure>\n\n\n\n<div class=\"wp-block-columns alignwide is-layout-flex wp-container-core-columns-is-layout-28f84493 wp-block-columns-is-layout-flex\">\n<div class=\"wp-block-column is-vertically-aligned-bottom is-layout-flow wp-block-column-is-layout-flow\" style=\"flex-basis:100%\"><\/div>\n<\/div>\n\n\n\n<figure class=\"wp-block-image aligncenter size-large\"><img loading=\"lazy\" decoding=\"async\" width=\"682\" height=\"1024\" src=\"https:\/\/riedmuehli.ch\/wp-content\/uploads\/2025\/08\/Riedmuehle-682x1024.jpg\" alt=\"\" class=\"wp-image-2509\" srcset=\"https:\/\/riedmuehli.ch\/wp-content\/uploads\/2025\/08\/Riedmuehle-682x1024.jpg 682w, https:\/\/riedmuehli.ch\/wp-content\/uploads\/2025\/08\/Riedmuehle-200x300.jpg 200w, https:\/\/riedmuehli.ch\/wp-content\/uploads\/2025\/08\/Riedmuehle-768x1153.jpg 768w, https:\/\/riedmuehli.ch\/wp-content\/uploads\/2025\/08\/Riedmuehle-512x768.jpg 512w, https:\/\/riedmuehli.ch\/wp-content\/uploads\/2025\/08\/Riedmuehle-1023x1536.jpg 1023w, https:\/\/riedmuehli.ch\/wp-content\/uploads\/2025\/08\/Riedmuehle.jpg 1154w\" sizes=\"auto, (max-width: 682px) 100vw, 682px\" \/><\/figure>\n\n\n\n<h3 class=\"wp-block-heading has-text-align-center\">Geniessen in heimeliger Atmosph\u00e4re<\/h3>\n\n\n\n<h5 class=\"wp-block-heading has-text-align-center\"><mark style=\"background-color:rgba(0, 0, 0, 0);color:#5a2121\" class=\"has-inline-color\">Wir verw\u00f6hnen Sie mit heimischen Produkten und zaubern Ihnen einen Abend mit Erlebnissen. <br>Seien Sie Gast bei uns und g\u00f6nnen Sie sich eine gem\u00fctliche Auszeit in der Riedm\u00fchle.<\/mark><\/h5>\n\n\n\n<div style=\"height:34px\" aria-hidden=\"true\" class=\"wp-block-spacer\"><\/div>\n\n\n\n<h4 class=\"wp-block-heading has-text-align-center\" style=\"font-style:normal;font-weight:300;text-transform:capitalize\">En Guete!<\/h4>\n\n\n\n<div style=\"height:100px\" aria-hidden=\"true\" class=\"wp-block-spacer\"><\/div>\n\n\n\n<p><\/p>\n\n\n\n<p><\/p>\n","protected":false},"excerpt":{"rendered":"<p>Lokale K\u00fcche mit Charme Ab dem 19.3.2026 haben wir B\u00e4rlauch-Zeit Geniessen in heimeliger Atmosph\u00e4re Wir verw\u00f6hnen Sie mit heimischen Produkten und zaubern Ihnen einen Abend mit Erlebnissen. Seien Sie Gast bei uns und g\u00f6nnen Sie sich eine gem\u00fctliche Auszeit in der Riedm\u00fchle. En Guete!<\/p>\n","protected":false},"author":1,"featured_media":0,"parent":0,"menu_order":0,"comment_status":"closed","ping_status":"closed","template":"","meta":{"_uag_custom_page_level_css":"","site-sidebar-layout":"no-sidebar","site-content-layout":"plain-container","ast-site-content-layout":"normal-width-container","site-content-style":"unboxed","site-sidebar-style":"unboxed","ast-global-header-display":"","ast-banner-title-visibility":"","ast-main-header-display":"","ast-hfb-above-header-display":"","ast-hfb-below-header-display":"","ast-hfb-mobile-header-display":"","site-post-title":"disabled","ast-breadcrumbs-content":"","ast-featured-img":"","footer-sml-layout":"","ast-disable-related-posts":"","theme-transparent-header-meta":"default","adv-header-id-meta":"","stick-header-meta":"","header-above-stick-meta":"","header-main-stick-meta":"","header-below-stick-meta":"","astra-migrate-meta-layouts":"set","ast-page-background-enabled":"default","ast-page-background-meta":{"desktop":{"background-color":"","background-image":"","background-repeat":"repeat","background-position":"center center","background-size":"auto","background-attachment":"scroll","background-type":"","background-media":"","overlay-type":"","overlay-color":"","overlay-opacity":"","overlay-gradient":""},"tablet":{"background-color":"","background-image":"","background-repeat":"repeat","background-position":"center center","background-size":"auto","background-attachment":"scroll","background-type":"","background-media":"","overlay-type":"","overlay-color":"","overlay-opacity":"","overlay-gradient":""},"mobile":{"background-color":"","background-image":"","background-repeat":"repeat","background-position":"center center","background-size":"auto","background-attachment":"scroll","background-type":"","background-media":"","overlay-type":"","overlay-color":"","overlay-opacity":"","overlay-gradient":""}},"ast-content-background-meta":{"desktop":{"background-color":"var(--ast-global-color-5)","background-image":"","background-repeat":"repeat","background-position":"center center","background-size":"auto","background-attachment":"scroll","background-type":"","background-media":"","overlay-type":"","overlay-color":"","overlay-opacity":"","overlay-gradient":""},"tablet":{"background-color":"var(--ast-global-color-5)","background-image":"","background-repeat":"repeat","background-position":"center center","background-size":"auto","background-attachment":"scroll","background-type":"","background-media":"","overlay-type":"","overlay-color":"","overlay-opacity":"","overlay-gradient":""},"mobile":{"background-color":"var(--ast-global-color-5)","background-image":"","background-repeat":"repeat","background-position":"center center","background-size":"auto","background-attachment":"scroll","background-type":"","background-media":"","overlay-type":"","overlay-color":"","overlay-opacity":"","overlay-gradient":""}},"footnotes":""},"class_list":["post-531","page","type-page","status-publish","hentry"],"aioseo_notices":[],"uagb_featured_image_src":{"full":false,"thumbnail":false,"medium":false,"medium_large":false,"large":false,"ug_big":false,"1536x1536":false,"2048x2048":false},"uagb_author_info":{"display_name":"admin","author_link":"https:\/\/riedmuehli.ch\/?author=1"},"uagb_comment_info":0,"uagb_excerpt":"Lokale K\u00fcche mit Charme Ab dem 19.3.2026 haben wir B\u00e4rlauch-Zeit Geniessen in heimeliger Atmosph\u00e4re Wir verw\u00f6hnen Sie mit heimischen Produkten und zaubern Ihnen einen Abend mit Erlebnissen. Seien Sie Gast bei uns und g\u00f6nnen Sie sich eine gem\u00fctliche Auszeit in der Riedm\u00fchle. En Guete!","_links":{"self":[{"href":"https:\/\/riedmuehli.ch\/index.php?rest_route=\/wp\/v2\/pages\/531","targetHints":{"allow":["GET"]}}],"collection":[{"href":"https:\/\/riedmuehli.ch\/index.php?rest_route=\/wp\/v2\/pages"}],"about":[{"href":"https:\/\/riedmuehli.ch\/index.php?rest_route=\/wp\/v2\/types\/page"}],"author":[{"embeddable":true,"href":"https:\/\/riedmuehli.ch\/index.php?rest_route=\/wp\/v2\/users\/1"}],"replies":[{"embeddable":true,"href":"https:\/\/riedmuehli.ch\/index.php?rest_route=%2Fwp%2Fv2%2Fcomments&post=531"}],"version-history":[{"count":320,"href":"https:\/\/riedmuehli.ch\/index.php?rest_route=\/wp\/v2\/pages\/531\/revisions"}],"predecessor-version":[{"id":2555,"href":"https:\/\/riedmuehli.ch\/index.php?rest_route=\/wp\/v2\/pages\/531\/revisions\/2555"}],"wp:attachment":[{"href":"https:\/\/riedmuehli.ch\/index.php?rest_route=%2Fwp%2Fv2%2Fmedia&parent=531"}],"curies":[{"name":"wp","href":"https:\/\/api.w.org\/{rel}","templated":true}]}}